{"id":9461,"date":"2021-08-03T00:54:52","date_gmt":"2021-08-03T00:54:52","guid":{"rendered":"https:\/\/ifafp-encgkenitra.com\/?page_id=9461"},"modified":"2021-09-22T19:08:11","modified_gmt":"2021-09-22T19:08:11","slug":"conditions-dacces-et-pre-requis","status":"publish","type":"page","link":"https:\/\/ifafp-encgkenitra.ma\/index.php\/conditions-dacces-et-pre-requis\/","title":{"rendered":"CONDITIONS D&#8217;ACC\u00c8S ET PR\u00c9-REQUIS"},"content":{"rendered":"\n\n\n<hr class=\"wp-block-separator\"\/>\n\n\n\n<ul class=\"wp-block-list\"><li>Titulaires d&#8217;un dipl\u00f4me de bac+3<\/li><li>Les candidats s\u00e9lectionn\u00e9s passeront un entretien avec un jury<\/li><\/ul>\n","protected":false},"excerpt":{"rendered":"<p>Titulaires d&#8217;un dipl\u00f4me de bac+3 Les candidats s\u00e9lectionn\u00e9s passeront un entretien avec un jury<\/p>\n","protected":false},"author":1,"featured_media":9077,"parent":0,"menu_order":0,"comment_status":"closed","ping_status":"closed","template":"","meta":{"footnotes":""},"class_list":["post-9461","page","type-page","status-publish","has-post-thumbnail","hentry"],"_links":{"self":[{"href":"https:\/\/ifafp-encgkenitra.ma\/index.php\/wp-json\/wp\/v2\/pages\/9461","targetHints":{"allow":["GET"]}}],"collection":[{"href":"https:\/\/ifafp-encgkenitra.ma\/index.php\/wp-json\/wp\/v2\/pages"}],"about":[{"href":"https:\/\/ifafp-encgkenitra.ma\/index.php\/wp-json\/wp\/v2\/types\/page"}],"author":[{"embeddable":true,"href":"https:\/\/ifafp-encgkenitra.ma\/index.php\/wp-json\/wp\/v2\/users\/1"}],"replies":[{"embeddable":true,"href":"https:\/\/ifafp-encgkenitra.ma\/index.php\/wp-json\/wp\/v2\/comments?post=9461"}],"version-history":[{"count":0,"href":"https:\/\/ifafp-encgkenitra.ma\/index.php\/wp-json\/wp\/v2\/pages\/9461\/revisions"}],"wp:featuredmedia":[{"embeddable":true,"href":"https:\/\/ifafp-encgkenitra.ma\/index.php\/wp-json\/wp\/v2\/media\/9077"}],"wp:attachment":[{"href":"https:\/\/ifafp-encgkenitra.ma\/index.php\/wp-json\/wp\/v2\/media?parent=9461"}],"curies":[{"name":"wp","href":"https:\/\/api.w.org\/{rel}","templated":true}]}}